{"id":105,"date":"2021-03-06T12:39:03","date_gmt":"2021-03-06T12:39:03","guid":{"rendered":"https:\/\/girlinggut.klubarbeit.net\/?page_id=105"},"modified":"2022-04-06T09:59:31","modified_gmt":"2022-04-06T09:59:31","slug":"preise","status":"publish","type":"page","link":"https:\/\/girlinggut.at\/en\/preise\/","title":{"rendered":"Prices"},"content":{"rendered":"<p><strong>Payment:<\/strong> We accept debit and credit cards, payment is also possible in cash or by bank transfer!<\/p>\n<p><strong>Arrival:<\/strong> between 3:00 p.m. and 6:00 p.m., later arrival is also possible by telephone agreement!<br \/>\n<strong>Departure:<\/strong> by 10:30 a.m.<\/p>\n<p><strong>Cancellation conditions:<\/strong> the general terms and conditions for the Austrian hotel business <a href=\"https:\/\/girlinggut.at\/wp-content\/uploads\/2021\/06\/AGBH_englisch.pdf\" target=\"_blank\" rel=\"noopener\" data-schema-attribute=\"\">(AGBH-EN)<\/a><\/p>\n<p><strong>Pets:<\/strong> are not allowed<\/p>","protected":false},"excerpt":{"rendered":"<p>Bezahlung: Wir akzeptieren Bankomat- und Kreditkarten, Bezahlung auch Bar oder per \u00dcberweisung m\u00f6glich. Anreise: zwischen 15:00 Uhr und 18:00 Uhr, nach telefonische Vereinbarung auch sp\u00e4tere Anreise m\u00f6glich. Abreise: bis 10:30 Uhr Stornobedingungen: es gelten die Allgemeinen Gesch\u00e4ftsbedingungen f\u00fcr die Hotellerie (AGBH) Haustiere: sind nicht erlaubt<\/p>","protected":false},"author":3,"featured_media":55,"parent":0,"menu_order":0,"comment_status":"closed","ping_status":"closed","template":"","meta":{"_acf_changed":false,"footnotes":""},"class_list":["post-105","page","type-page","status-publish","has-post-thumbnail","hentry"],"acf":[],"meta_box":[],"_links":{"self":[{"href":"https:\/\/girlinggut.at\/en\/wp-json\/wp\/v2\/pages\/105","targetHints":{"allow":["GET"]}}],"collection":[{"href":"https:\/\/girlinggut.at\/en\/wp-json\/wp\/v2\/pages"}],"about":[{"href":"https:\/\/girlinggut.at\/en\/wp-json\/wp\/v2\/types\/page"}],"author":[{"embeddable":true,"href":"https:\/\/girlinggut.at\/en\/wp-json\/wp\/v2\/users\/3"}],"replies":[{"embeddable":true,"href":"https:\/\/girlinggut.at\/en\/wp-json\/wp\/v2\/comments?post=105"}],"version-history":[{"count":4,"href":"https:\/\/girlinggut.at\/en\/wp-json\/wp\/v2\/pages\/105\/revisions"}],"predecessor-version":[{"id":441,"href":"https:\/\/girlinggut.at\/en\/wp-json\/wp\/v2\/pages\/105\/revisions\/441"}],"wp:featuredmedia":[{"embeddable":true,"href":"https:\/\/girlinggut.at\/en\/wp-json\/wp\/v2\/media\/55"}],"wp:attachment":[{"href":"https:\/\/girlinggut.at\/en\/wp-json\/wp\/v2\/media?parent=105"}],"curies":[{"name":"wp","href":"https:\/\/api.w.org\/{rel}","templated":true}]}}